{"id":529,"date":"2023-10-16T10:29:54","date_gmt":"2023-10-16T10:29:54","guid":{"rendered":"https:\/\/creunovagentgran.com\/?page_id=529"},"modified":"2024-06-03T07:24:25","modified_gmt":"2024-06-03T07:24:25","slug":"la-nostre-historia","status":"publish","type":"page","link":"https:\/\/creunovagentgran.com\/es\/la-nostre-historia\/","title":{"rendered":"Nuestra historia"},"content":{"rendered":"<div data-elementor-type=\"wp-page\" data-elementor-id=\"529\" class=\"elementor elementor-529\" data-elementor-post-type=\"page\">\n\t\t\t\t\t\t<section class=\"elementor-section elementor-top-section elementor-element elementor-element-d72d32c elementor-section-full_width elementor-section-stretched elementor-section-height-default elementor-section-height-default\" data-id=\"d72d32c\" data-element_type=\"section\" data-e-type=\"section\" data-settings=\"{&quot;stretch_section&quot;:&quot;section-stretched&quot;}\">\n\t\t\t\t\t\t<div class=\"elementor-container elementor-column-gap-default\">\n\t\t\t\t\t<div class=\"elementor-column elementor-col-100 elementor-top-column elementor-element elementor-element-014e89f\" data-id=\"014e89f\" data-element_type=\"column\" data-e-type=\"column\">\n\t\t\t<div class=\"elementor-widget-wrap elementor-element-populated\">\n\t\t\t\t\t\t<div class=\"elementor-element elementor-element-83828ea elementor-widget elementor-widget-image\" data-id=\"83828ea\" data-element_type=\"widget\" data-e-type=\"widget\" data-widget_type=\"image.default\">\n\t\t\t\t<div class=\"elementor-widget-container\">\n\t\t\t\t\t\t\t\t\t\t\t\t\t\t\t<img fetchpriority=\"high\" decoding=\"async\" width=\"2560\" height=\"1515\" src=\"https:\/\/creunovagentgran.com\/wp-content\/uploads\/2023\/10\/Mask-group-4-1.png\" class=\"attachment-full size-full wp-image-1111\" alt=\"\" srcset=\"https:\/\/creunovagentgran.com\/wp-content\/uploads\/2023\/10\/Mask-group-4-1.png 2560w, https:\/\/creunovagentgran.com\/wp-content\/uploads\/2023\/10\/Mask-group-4-1-300x178.png 300w, https:\/\/creunovagentgran.com\/wp-content\/uploads\/2023\/10\/Mask-group-4-1-1024x606.png 1024w, https:\/\/creunovagentgran.com\/wp-content\/uploads\/2023\/10\/Mask-group-4-1-768x455.png 768w, https:\/\/creunovagentgran.com\/wp-content\/uploads\/2023\/10\/Mask-group-4-1-1536x909.png 1536w, https:\/\/creunovagentgran.com\/wp-content\/uploads\/2023\/10\/Mask-group-4-1-2048x1212.png 2048w\" sizes=\"(max-width: 2560px) 100vw, 2560px\" \/>\t\t\t\t\t\t\t\t\t\t\t\t\t\t\t<\/div>\n\t\t\t\t<\/div>\n\t\t\t\t\t<\/div>\n\t\t<\/div>\n\t\t\t\t\t<\/div>\n\t\t<\/section>\n\t\t\t\t<section class=\"elementor-section elementor-top-section elementor-element elementor-element-27eb352 elementor-section-boxed elementor-section-height-default elementor-section-height-default\" data-id=\"27eb352\" data-element_type=\"section\" data-e-type=\"section\">\n\t\t\t\t\t\t<div class=\"elementor-container elementor-column-gap-default\">\n\t\t\t\t\t<div class=\"elementor-column elementor-col-100 elementor-top-column elementor-element elementor-element-3c879e1\" data-id=\"3c879e1\" data-element_type=\"column\" data-e-type=\"column\">\n\t\t\t<div class=\"elementor-widget-wrap elementor-element-populated\">\n\t\t\t\t\t\t<section class=\"elementor-section elementor-inner-section elementor-element elementor-element-e24a757 elementor-section-boxed elementor-section-height-default elementor-section-height-default\" data-id=\"e24a757\" data-element_type=\"section\" data-e-type=\"section\">\n\t\t\t\t\t\t<div class=\"elementor-container elementor-column-gap-default\">\n\t\t\t\t\t<div class=\"elementor-column elementor-col-50 elementor-inner-column elementor-element elementor-element-a81ede3\" data-id=\"a81ede3\" data-element_type=\"column\" data-e-type=\"column\">\n\t\t\t<div class=\"elementor-widget-wrap elementor-element-populated\">\n\t\t\t\t\t\t<div class=\"elementor-element elementor-element-0b11b68 elementor-widget__width-initial elementor-widget elementor-widget-heading\" data-id=\"0b11b68\" data-element_type=\"widget\" data-e-type=\"widget\" data-widget_type=\"heading.default\">\n\t\t\t\t<div class=\"elementor-widget-container\">\n\t\t\t\t\t<h2 class=\"elementor-heading-title elementor-size-default\">Nuestra historia<\/h2>\t\t\t\t<\/div>\n\t\t\t\t<\/div>\n\t\t\t\t\t<\/div>\n\t\t<\/div>\n\t\t\t\t<div class=\"elementor-column elementor-col-50 elementor-inner-column elementor-element elementor-element-14434f6\" data-id=\"14434f6\" data-element_type=\"column\" data-e-type=\"column\">\n\t\t\t<div class=\"elementor-widget-wrap\">\n\t\t\t\t\t\t\t<\/div>\n\t\t<\/div>\n\t\t\t\t\t<\/div>\n\t\t<\/section>\n\t\t\t\t\t<\/div>\n\t\t<\/div>\n\t\t\t\t\t<\/div>\n\t\t<\/section>\n\t\t\t\t<section class=\"elementor-section elementor-top-section elementor-element elementor-element-57759ba elementor-section-boxed elementor-section-height-default elementor-section-height-default\" data-id=\"57759ba\" data-element_type=\"section\" data-e-type=\"section\">\n\t\t\t\t\t\t<div class=\"elementor-container elementor-column-gap-default\">\n\t\t\t\t\t<div class=\"elementor-column elementor-col-100 elementor-top-column elementor-element elementor-element-c75c955\" data-id=\"c75c955\" data-element_type=\"column\" data-e-type=\"column\">\n\t\t\t<div class=\"elementor-widget-wrap elementor-element-populated\">\n\t\t\t\t\t\t<div class=\"elementor-element elementor-element-e46585a elementor-widget elementor-widget-text-editor\" data-id=\"e46585a\" data-element_type=\"widget\" data-e-type=\"widget\" data-widget_type=\"text-editor.default\">\n\t\t\t\t<div class=\"elementor-widget-container\">\n\t\t\t\t\t\t\t\t\t<p style=\"color: #0d7377; font-family: Raleway, sans-serif; font-size: 20px; text-align: justify;\">Nuestra historia es\u00a0<span style=\"font-weight: bold;\">humilde, sincera y sencilla<\/span>. Este edificio fue construido el a\u00f1o 2002, para un sue\u00f1o familiar en com\u00fan, atender a la gente mayor.\u00a0<\/p><p style=\"color: #0d7377; font-family: Raleway, sans-serif; font-size: 20px; text-align: justify;\"><span style=\"font-weight: var( --e-global-typography-text-font-weight );\">Desde un inicio pensamos en el camino tan enriquecedor que est\u00e1bamos comenzando. Hemos trabajado siempre con\u00a0<\/span><span style=\"font-weight: bold;\">actitud<\/span><span style=\"font-weight: var( --e-global-typography-text-font-weight );\">,\u00a0<\/span><span style=\"font-weight: bold;\">determinaci\u00f3n<\/span><span style=\"font-weight: var( --e-global-typography-text-font-weight );\">, y un\u00a0<\/span><span style=\"font-weight: bold;\">absoluto compromiso<\/span><span style=\"font-weight: var( --e-global-typography-text-font-weight );\">\u00a0con entender, respetar, valorar, admirar,\u00a0<\/span><span style=\"font-weight: bold;\">apreciar y aprender de nuestra gente mayor<\/span><span style=\"font-weight: var( --e-global-typography-text-font-weight );\">. El m\u00e1s grande y valioso tesoro de la sociedad, historia viva.<\/span><\/p><p style=\"color: #0d7377; font-family: Raleway, sans-serif; font-size: 20px; text-align: justify;\">Poco a poco, fuimos creciendo y mejorando todo lo que pod\u00edamos, creciendo en experiencia y construyendo una casa que, enseguida, se ha convertido en\u00a0<span style=\"font-weight: bold;\">un hogar<\/span>. Despu\u00e9s de\u00a0<span style=\"font-weight: bold;\">m\u00e1s de 20 a\u00f1os<\/span>esto es lo que hemos conseguido: hacer\u00a0<span style=\"font-weight: bold;\">una gran familia<\/span> que se ayuda a crecer, formada por personas que quieren atender, que necesitan ser atendidas y que necesitan que alguien atienda a su ser querido.<\/p>\t\t\t\t\t\t\t\t<\/div>\n\t\t\t\t<\/div>\n\t\t\t\t<div class=\"elementor-element elementor-element-b06d806 elementor-widget elementor-widget-image\" data-id=\"b06d806\" data-element_type=\"widget\" data-e-type=\"widget\" data-widget_type=\"image.default\">\n\t\t\t\t<div class=\"elementor-widget-container\">\n\t\t\t\t\t\t\t\t\t\t\t\t\t\t\t<img decoding=\"async\" width=\"465\" height=\"486\" src=\"https:\/\/creunovagentgran.com\/wp-content\/uploads\/2023\/09\/Group-114.png\" class=\"attachment-large size-large wp-image-461\" alt=\"\" srcset=\"https:\/\/creunovagentgran.com\/wp-content\/uploads\/2023\/09\/Group-114.png 465w, https:\/\/creunovagentgran.com\/wp-content\/uploads\/2023\/09\/Group-114-287x300.png 287w\" sizes=\"(max-width: 465px) 100vw, 465px\" \/>\t\t\t\t\t\t\t\t\t\t\t\t\t\t\t<\/div>\n\t\t\t\t<\/div>\n\t\t\t\t<div class=\"elementor-element elementor-element-408b237 elementor-align-center elementor-widget elementor-widget-button\" data-id=\"408b237\" data-element_type=\"widget\" data-e-type=\"widget\" data-widget_type=\"button.default\">\n\t\t\t\t<div class=\"elementor-widget-container\">\n\t\t\t\t\t\t\t\t\t<div class=\"elementor-button-wrapper\">\n\t\t\t\t\t<a class=\"elementor-button elementor-button-link elementor-size-sm\" href=\"https:\/\/creunovagentgran.com\/es\/qui-som\/equipo-profesional\/\">\n\t\t\t\t\t\t<span class=\"elementor-button-content-wrapper\">\n\t\t\t\t\t\t\t\t\t<span class=\"elementor-button-text\">Conoce a nuestro equipo<\/span>\n\t\t\t\t\t<\/span>\n\t\t\t\t\t<\/a>\n\t\t\t\t<\/div>\n\t\t\t\t\t\t\t\t<\/div>\n\t\t\t\t<\/div>\n\t\t\t\t\t<\/div>\n\t\t<\/div>\n\t\t\t\t\t<\/div>\n\t\t<\/section>\n\t\t\t\t<\/div>","protected":false},"excerpt":{"rendered":"<p>La nostra hist\u00f2ria La nostra hist\u00f2ria \u00e9s\u00a0humil, sincera i senzilla. Aquest edifici va ser constru\u00eft l\u2019any 2002, per a un somni familiar en com\u00fa, atendre la gent gran.\u00a0 Des d\u2019un inici vam pensar en el cam\u00ed tan enriquidor que est\u00e0vem comen\u00e7ant. Hem treballat sempre amb\u00a0actitud,\u00a0determinaci\u00f3, i un\u00a0absolut comprom\u00eds\u00a0a entendre, respectar, valorar, admirar,\u00a0apreciar i aprendre de [&hellip;]<\/p>\n","protected":false},"author":1,"featured_media":0,"parent":0,"menu_order":0,"comment_status":"closed","ping_status":"closed","template":"elementor_header_footer","meta":{"footnotes":""},"class_list":["post-529","page","type-page","status-publish","hentry"],"yoast_head":"<!-- This site is optimized with the Yoast SEO plugin v27.2 - https:\/\/yoast.com\/product\/yoast-seo-wordpress\/ -->\n<title>La nostra hist\u00f2ria - My Blog<\/title>\n<meta name=\"robots\" content=\"index, follow, max-snippet:-1, max-image-preview:large, max-video-preview:-1\" \/>\n<link rel=\"canonical\" href=\"https:\/\/creunovagentgran.com\/es\/nuestra-historia\/\" \/>\n<meta property=\"og:locale\" content=\"es_ES\" \/>\n<meta property=\"og:type\" content=\"article\" \/>\n<meta property=\"og:title\" content=\"La nostra hist\u00f2ria - My Blog\" \/>\n<meta property=\"og:description\" content=\"La nostra hist\u00f2ria La nostra hist\u00f2ria \u00e9s\u00a0humil, sincera i senzilla. Aquest edifici va ser constru\u00eft l\u2019any 2002, per a un somni familiar en com\u00fa, atendre la gent gran.\u00a0 Des d\u2019un inici vam pensar en el cam\u00ed tan enriquidor que est\u00e0vem comen\u00e7ant. Hem treballat sempre amb\u00a0actitud,\u00a0determinaci\u00f3, i un\u00a0absolut comprom\u00eds\u00a0a entendre, respectar, valorar, admirar,\u00a0apreciar i aprendre de [&hellip;]\" \/>\n<meta property=\"og:url\" content=\"https:\/\/creunovagentgran.com\/es\/nuestra-historia\/\" \/>\n<meta property=\"og:site_name\" content=\"My Blog\" \/>\n<meta property=\"article:modified_time\" content=\"2024-06-03T07:24:25+00:00\" \/>\n<meta property=\"og:image\" content=\"https:\/\/creunovagentgran.com\/wp-content\/uploads\/2023\/10\/Mask-group-4-1.png\" \/>\n<meta name=\"twitter:card\" content=\"summary_large_image\" \/>\n<meta name=\"twitter:label1\" content=\"Tiempo de lectura\" \/>\n\t<meta name=\"twitter:data1\" content=\"2 minutos\" \/>\n<script type=\"application\/ld+json\" class=\"yoast-schema-graph\">{\"@context\":\"https:\/\/schema.org\",\"@graph\":[{\"@type\":\"WebPage\",\"@id\":\"https:\/\/creunovagentgran.com\/la-nostre-historia\/\",\"url\":\"https:\/\/creunovagentgran.com\/la-nostre-historia\/\",\"name\":\"La nostra hist\u00f2ria - My Blog\",\"isPartOf\":{\"@id\":\"https:\/\/creunovagentgran.com\/#website\"},\"primaryImageOfPage\":{\"@id\":\"https:\/\/creunovagentgran.com\/la-nostre-historia\/#primaryimage\"},\"image\":{\"@id\":\"https:\/\/creunovagentgran.com\/la-nostre-historia\/#primaryimage\"},\"thumbnailUrl\":\"https:\/\/creunovagentgran.com\/wp-content\/uploads\/2023\/10\/Mask-group-4-1.png\",\"datePublished\":\"2023-10-16T10:29:54+00:00\",\"dateModified\":\"2024-06-03T07:24:25+00:00\",\"breadcrumb\":{\"@id\":\"https:\/\/creunovagentgran.com\/la-nostre-historia\/#breadcrumb\"},\"inLanguage\":\"es\",\"potentialAction\":[{\"@type\":\"ReadAction\",\"target\":[\"https:\/\/creunovagentgran.com\/la-nostre-historia\/\"]}]},{\"@type\":\"ImageObject\",\"inLanguage\":\"es\",\"@id\":\"https:\/\/creunovagentgran.com\/la-nostre-historia\/#primaryimage\",\"url\":\"https:\/\/creunovagentgran.com\/wp-content\/uploads\/2023\/10\/Mask-group-4-1.png\",\"contentUrl\":\"https:\/\/creunovagentgran.com\/wp-content\/uploads\/2023\/10\/Mask-group-4-1.png\"},{\"@type\":\"BreadcrumbList\",\"@id\":\"https:\/\/creunovagentgran.com\/la-nostre-historia\/#breadcrumb\",\"itemListElement\":[{\"@type\":\"ListItem\",\"position\":1,\"name\":\"Portada\",\"item\":\"https:\/\/creunovagentgran.com\/\"},{\"@type\":\"ListItem\",\"position\":2,\"name\":\"La nostra hist\u00f2ria\"}]},{\"@type\":\"WebSite\",\"@id\":\"https:\/\/creunovagentgran.com\/#website\",\"url\":\"https:\/\/creunovagentgran.com\/\",\"name\":\"My Blog\",\"description\":\"Just another WordPress site\",\"publisher\":{\"@id\":\"https:\/\/creunovagentgran.com\/#organization\"},\"potentialAction\":[{\"@type\":\"SearchAction\",\"target\":{\"@type\":\"EntryPoint\",\"urlTemplate\":\"https:\/\/creunovagentgran.com\/?s={search_term_string}\"},\"query-input\":{\"@type\":\"PropertyValueSpecification\",\"valueRequired\":true,\"valueName\":\"search_term_string\"}}],\"inLanguage\":\"es\"},{\"@type\":\"Organization\",\"@id\":\"https:\/\/creunovagentgran.com\/#organization\",\"name\":\"My Blog\",\"url\":\"https:\/\/creunovagentgran.com\/\",\"logo\":{\"@type\":\"ImageObject\",\"inLanguage\":\"es\",\"@id\":\"https:\/\/creunovagentgran.com\/#\/schema\/logo\/image\/\",\"url\":\"https:\/\/creunovagentgran.com\/wp-content\/uploads\/2023\/08\/CreuNova-GentGran-2-e1692866293670.png\",\"contentUrl\":\"https:\/\/creunovagentgran.com\/wp-content\/uploads\/2023\/08\/CreuNova-GentGran-2-e1692866293670.png\",\"width\":104,\"height\":123,\"caption\":\"My Blog\"},\"image\":{\"@id\":\"https:\/\/creunovagentgran.com\/#\/schema\/logo\/image\/\"}}]}<\/script>\n<!-- \/ Yoast SEO plugin. -->","yoast_head_json":{"title":"La nostra hist\u00f2ria - My Blog","robots":{"index":"index","follow":"follow","max-snippet":"max-snippet:-1","max-image-preview":"max-image-preview:large","max-video-preview":"max-video-preview:-1"},"canonical":"https:\/\/creunovagentgran.com\/es\/nuestra-historia\/","og_locale":"es_ES","og_type":"article","og_title":"La nostra hist\u00f2ria - My Blog","og_description":"La nostra hist\u00f2ria La nostra hist\u00f2ria \u00e9s\u00a0humil, sincera i senzilla. Aquest edifici va ser constru\u00eft l\u2019any 2002, per a un somni familiar en com\u00fa, atendre la gent gran.\u00a0 Des d\u2019un inici vam pensar en el cam\u00ed tan enriquidor que est\u00e0vem comen\u00e7ant. Hem treballat sempre amb\u00a0actitud,\u00a0determinaci\u00f3, i un\u00a0absolut comprom\u00eds\u00a0a entendre, respectar, valorar, admirar,\u00a0apreciar i aprendre de [&hellip;]","og_url":"https:\/\/creunovagentgran.com\/es\/nuestra-historia\/","og_site_name":"My Blog","article_modified_time":"2024-06-03T07:24:25+00:00","og_image":[{"url":"https:\/\/creunovagentgran.com\/wp-content\/uploads\/2023\/10\/Mask-group-4-1.png","type":"","width":"","height":""}],"twitter_card":"summary_large_image","twitter_misc":{"Tiempo de lectura":"2 minutos"},"schema":{"@context":"https:\/\/schema.org","@graph":[{"@type":"WebPage","@id":"https:\/\/creunovagentgran.com\/la-nostre-historia\/","url":"https:\/\/creunovagentgran.com\/la-nostre-historia\/","name":"La nostra hist\u00f2ria - My Blog","isPartOf":{"@id":"https:\/\/creunovagentgran.com\/#website"},"primaryImageOfPage":{"@id":"https:\/\/creunovagentgran.com\/la-nostre-historia\/#primaryimage"},"image":{"@id":"https:\/\/creunovagentgran.com\/la-nostre-historia\/#primaryimage"},"thumbnailUrl":"https:\/\/creunovagentgran.com\/wp-content\/uploads\/2023\/10\/Mask-group-4-1.png","datePublished":"2023-10-16T10:29:54+00:00","dateModified":"2024-06-03T07:24:25+00:00","breadcrumb":{"@id":"https:\/\/creunovagentgran.com\/la-nostre-historia\/#breadcrumb"},"inLanguage":"es","potentialAction":[{"@type":"ReadAction","target":["https:\/\/creunovagentgran.com\/la-nostre-historia\/"]}]},{"@type":"ImageObject","inLanguage":"es","@id":"https:\/\/creunovagentgran.com\/la-nostre-historia\/#primaryimage","url":"https:\/\/creunovagentgran.com\/wp-content\/uploads\/2023\/10\/Mask-group-4-1.png","contentUrl":"https:\/\/creunovagentgran.com\/wp-content\/uploads\/2023\/10\/Mask-group-4-1.png"},{"@type":"BreadcrumbList","@id":"https:\/\/creunovagentgran.com\/la-nostre-historia\/#breadcrumb","itemListElement":[{"@type":"ListItem","position":1,"name":"Portada","item":"https:\/\/creunovagentgran.com\/"},{"@type":"ListItem","position":2,"name":"La nostra hist\u00f2ria"}]},{"@type":"WebSite","@id":"https:\/\/creunovagentgran.com\/#website","url":"https:\/\/creunovagentgran.com\/","name":"My Blog","description":"Just another WordPress site","publisher":{"@id":"https:\/\/creunovagentgran.com\/#organization"},"potentialAction":[{"@type":"SearchAction","target":{"@type":"EntryPoint","urlTemplate":"https:\/\/creunovagentgran.com\/?s={search_term_string}"},"query-input":{"@type":"PropertyValueSpecification","valueRequired":true,"valueName":"search_term_string"}}],"inLanguage":"es"},{"@type":"Organization","@id":"https:\/\/creunovagentgran.com\/#organization","name":"My Blog","url":"https:\/\/creunovagentgran.com\/","logo":{"@type":"ImageObject","inLanguage":"es","@id":"https:\/\/creunovagentgran.com\/#\/schema\/logo\/image\/","url":"https:\/\/creunovagentgran.com\/wp-content\/uploads\/2023\/08\/CreuNova-GentGran-2-e1692866293670.png","contentUrl":"https:\/\/creunovagentgran.com\/wp-content\/uploads\/2023\/08\/CreuNova-GentGran-2-e1692866293670.png","width":104,"height":123,"caption":"My Blog"},"image":{"@id":"https:\/\/creunovagentgran.com\/#\/schema\/logo\/image\/"}}]}},"_links":{"self":[{"href":"https:\/\/creunovagentgran.com\/es\/wp-json\/wp\/v2\/pages\/529","targetHints":{"allow":["GET"]}}],"collection":[{"href":"https:\/\/creunovagentgran.com\/es\/wp-json\/wp\/v2\/pages"}],"about":[{"href":"https:\/\/creunovagentgran.com\/es\/wp-json\/wp\/v2\/types\/page"}],"author":[{"embeddable":true,"href":"https:\/\/creunovagentgran.com\/es\/wp-json\/wp\/v2\/users\/1"}],"replies":[{"embeddable":true,"href":"https:\/\/creunovagentgran.com\/es\/wp-json\/wp\/v2\/comments?post=529"}],"version-history":[{"count":128,"href":"https:\/\/creunovagentgran.com\/es\/wp-json\/wp\/v2\/pages\/529\/revisions"}],"predecessor-version":[{"id":2183,"href":"https:\/\/creunovagentgran.com\/es\/wp-json\/wp\/v2\/pages\/529\/revisions\/2183"}],"wp:attachment":[{"href":"https:\/\/creunovagentgran.com\/es\/wp-json\/wp\/v2\/media?parent=529"}],"curies":[{"name":"wp","href":"https:\/\/api.w.org\/{rel}","templated":true}]}}