{"id":543,"date":"2023-10-16T10:36:12","date_gmt":"2023-10-16T10:36:12","guid":{"rendered":"https:\/\/creunovagentgran.com\/?page_id=543"},"modified":"2024-06-06T09:59:19","modified_gmt":"2024-06-06T09:59:19","slug":"entorn","status":"publish","type":"page","link":"https:\/\/creunovagentgran.com\/es\/entorn\/","title":{"rendered":"Entorno"},"content":{"rendered":"<div data-elementor-type=\"wp-page\" data-elementor-id=\"543\" class=\"elementor elementor-543\" data-elementor-post-type=\"page\">\n\t\t\t\t\t\t<section class=\"elementor-section elementor-top-section elementor-element elementor-element-f770958 elementor-section-full_width elementor-section-stretched elementor-section-height-default elementor-section-height-default\" data-id=\"f770958\" data-element_type=\"section\" data-e-type=\"section\" data-settings=\"{&quot;stretch_section&quot;:&quot;section-stretched&quot;}\">\n\t\t\t\t\t\t<div class=\"elementor-container elementor-column-gap-default\">\n\t\t\t\t\t<div class=\"elementor-column elementor-col-100 elementor-top-column elementor-element elementor-element-2afdb4a\" data-id=\"2afdb4a\" data-element_type=\"column\" data-e-type=\"column\">\n\t\t\t<div class=\"elementor-widget-wrap elementor-element-populated\">\n\t\t\t\t\t\t<div class=\"elementor-element elementor-element-00acd9b elementor-widget elementor-widget-image\" data-id=\"00acd9b\" data-element_type=\"widget\" data-e-type=\"widget\" data-widget_type=\"image.default\">\n\t\t\t\t<div class=\"elementor-widget-container\">\n\t\t\t\t\t\t\t\t\t\t\t\t\t\t\t<img fetchpriority=\"high\" decoding=\"async\" width=\"1512\" height=\"881\" src=\"https:\/\/creunovagentgran.com\/wp-content\/uploads\/2023\/11\/Mask-group-2.jpg\" class=\"attachment-full size-full wp-image-1652\" alt=\"\" srcset=\"https:\/\/creunovagentgran.com\/wp-content\/uploads\/2023\/11\/Mask-group-2.jpg 1512w, https:\/\/creunovagentgran.com\/wp-content\/uploads\/2023\/11\/Mask-group-2-300x175.jpg 300w, https:\/\/creunovagentgran.com\/wp-content\/uploads\/2023\/11\/Mask-group-2-1024x597.jpg 1024w, https:\/\/creunovagentgran.com\/wp-content\/uploads\/2023\/11\/Mask-group-2-768x447.jpg 768w\" sizes=\"(max-width: 1512px) 100vw, 1512px\" \/>\t\t\t\t\t\t\t\t\t\t\t\t\t\t\t<\/div>\n\t\t\t\t<\/div>\n\t\t\t\t<div class=\"elementor-element elementor-element-85c4135 elementor-widget__width-initial elementor-widget elementor-widget-heading\" data-id=\"85c4135\" data-element_type=\"widget\" data-e-type=\"widget\" data-widget_type=\"heading.default\">\n\t\t\t\t<div class=\"elementor-widget-container\">\n\t\t\t\t\t<h2 class=\"elementor-heading-title elementor-size-default\">Entorno<\/h2>\t\t\t\t<\/div>\n\t\t\t\t<\/div>\n\t\t\t\t\t<\/div>\n\t\t<\/div>\n\t\t\t\t\t<\/div>\n\t\t<\/section>\n\t\t\t\t<section class=\"elementor-section elementor-top-section elementor-element elementor-element-0e2f0c3 elementor-section-boxed elementor-section-height-default elementor-section-height-default\" data-id=\"0e2f0c3\" data-element_type=\"section\" data-e-type=\"section\">\n\t\t\t\t\t\t<div class=\"elementor-container elementor-column-gap-default\">\n\t\t\t\t\t<div class=\"elementor-column elementor-col-100 elementor-top-column elementor-element elementor-element-c399a6f\" data-id=\"c399a6f\" data-element_type=\"column\" data-e-type=\"column\">\n\t\t\t<div class=\"elementor-widget-wrap elementor-element-populated\">\n\t\t\t\t\t\t<div class=\"elementor-element elementor-element-1710e3b elementor-widget elementor-widget-heading\" data-id=\"1710e3b\" data-element_type=\"widget\" data-e-type=\"widget\" data-widget_type=\"heading.default\">\n\t\t\t\t<div class=\"elementor-widget-container\">\n\t\t\t\t\t<h2 class=\"elementor-heading-title elementor-size-default\">Tu hogar en Corbera de Llobregat<\/h2>\t\t\t\t<\/div>\n\t\t\t\t<\/div>\n\t\t\t\t\t<\/div>\n\t\t<\/div>\n\t\t\t\t\t<\/div>\n\t\t<\/section>\n\t\t\t\t<section class=\"elementor-section elementor-top-section elementor-element elementor-element-e8a6f47 elementor-section-boxed elementor-section-height-default elementor-section-height-default\" data-id=\"e8a6f47\" data-element_type=\"section\" data-e-type=\"section\">\n\t\t\t\t\t\t<div class=\"elementor-container elementor-column-gap-default\">\n\t\t\t\t\t<div class=\"elementor-column elementor-col-100 elementor-top-column elementor-element elementor-element-8037b8f\" data-id=\"8037b8f\" data-element_type=\"column\" data-e-type=\"column\">\n\t\t\t<div class=\"elementor-widget-wrap elementor-element-populated\">\n\t\t\t\t\t\t<div class=\"elementor-element elementor-element-c44a995 elementor-widget elementor-widget-text-editor\" data-id=\"c44a995\" data-element_type=\"widget\" data-e-type=\"widget\" data-widget_type=\"text-editor.default\">\n\t\t\t\t<div class=\"elementor-widget-container\">\n\t\t\t\t\t\t\t\t\t<p><span style=\"font-weight: 400;\">Rodeada de un <strong>privilegiado entorno natural<\/strong> de bosques de pino blanco, Corbera de Llobregat es una <strong>villa milenaria que conserva todav\u00eda elementos de sus or\u00edgenes medievales<\/strong>, como el <strong>Casal de Santa Magdalena<\/strong> (siglo XVI) -tambi\u00e9n conocido como el Castell, <strong>antiguo Hospital de Peregrinos<\/strong> (siglo XVI), <strong>la iglesia de Santa Mar\u00eda<\/strong> (siglo XIII) y las <strong>ruinas del antiguo Castillo de Caballeros<\/strong> (siglo X), entre otros.<\/span><\/p><p><span style=\"font-weight: 400;\"><strong>Entre Montserrat y el mar Mediterr\u00e1neo<\/strong> se extiende la Red de senderos del Baix Llobregat, un <strong>tramo de caminos se\u00f1alizados que permiten descubrir el patrimonio natural y cultural de esta comarca<\/strong>, que conserva rincones llenos de encanto y un paisaje sorprendente. La red es vertebra en tres grandes ejes paralelos que conectan las poblaciones del Baix Llobregat y llegan a Barcelona y las <strong>playas del Delta del Llobregat<\/strong>: el eje del R\u00edo Llobregat y, a ambos lados, los ejes de Poniente y de Levante.\u00a0<\/span><\/p>\t\t\t\t\t\t\t\t<\/div>\n\t\t\t\t<\/div>\n\t\t\t\t<div class=\"elementor-element elementor-element-08f10d9 elementor-widget elementor-widget-image\" data-id=\"08f10d9\" data-element_type=\"widget\" data-e-type=\"widget\" data-widget_type=\"image.default\">\n\t\t\t\t<div class=\"elementor-widget-container\">\n\t\t\t\t\t\t\t\t\t\t\t\t\t\t\t<img decoding=\"async\" width=\"465\" height=\"486\" src=\"https:\/\/creunovagentgran.com\/wp-content\/uploads\/2023\/09\/Group-114.png\" class=\"attachment-large size-large wp-image-461\" alt=\"\" srcset=\"https:\/\/creunovagentgran.com\/wp-content\/uploads\/2023\/09\/Group-114.png 465w, https:\/\/creunovagentgran.com\/wp-content\/uploads\/2023\/09\/Group-114-287x300.png 287w\" sizes=\"(max-width: 465px) 100vw, 465px\" \/>\t\t\t\t\t\t\t\t\t\t\t\t\t\t\t<\/div>\n\t\t\t\t<\/div>\n\t\t\t\t\t<\/div>\n\t\t<\/div>\n\t\t\t\t\t<\/div>\n\t\t<\/section>\n\t\t\t\t<section class=\"elementor-section elementor-top-section elementor-element elementor-element-cf481e0 elementor-section-boxed elementor-section-height-default elementor-section-height-default\" data-id=\"cf481e0\" data-element_type=\"section\" data-e-type=\"section\">\n\t\t\t\t\t\t<div class=\"elementor-container elementor-column-gap-default\">\n\t\t\t\t\t<div class=\"elementor-column elementor-col-100 elementor-top-column elementor-element elementor-element-4ade6b7\" data-id=\"4ade6b7\" data-element_type=\"column\" data-e-type=\"column\">\n\t\t\t<div class=\"elementor-widget-wrap elementor-element-populated\">\n\t\t\t\t\t\t<div class=\"elementor-element elementor-element-2855995 elementor-widget elementor-widget-heading\" data-id=\"2855995\" data-element_type=\"widget\" data-e-type=\"widget\" data-widget_type=\"heading.default\">\n\t\t\t\t<div class=\"elementor-widget-container\">\n\t\t\t\t\t<h2 class=\"elementor-heading-title elementor-size-default\">Eventos de inter\u00e9s<\/h2>\t\t\t\t<\/div>\n\t\t\t\t<\/div>\n\t\t\t\t\t<\/div>\n\t\t<\/div>\n\t\t\t\t\t<\/div>\n\t\t<\/section>\n\t\t\t\t<section class=\"elementor-section elementor-top-section elementor-element elementor-element-d19106b elementor-section-boxed elementor-section-height-default elementor-section-height-default\" data-id=\"d19106b\" data-element_type=\"section\" data-e-type=\"section\">\n\t\t\t\t\t\t<div class=\"elementor-container elementor-column-gap-default\">\n\t\t\t\t\t<div class=\"elementor-column elementor-col-100 elementor-top-column elementor-element elementor-element-7c229ee\" data-id=\"7c229ee\" data-element_type=\"column\" data-e-type=\"column\">\n\t\t\t<div class=\"elementor-widget-wrap elementor-element-populated\">\n\t\t\t\t\t\t<div class=\"elementor-element elementor-element-d671afe elementor-widget elementor-widget-text-editor\" data-id=\"d671afe\" data-element_type=\"widget\" data-e-type=\"widget\" data-widget_type=\"text-editor.default\">\n\t\t\t\t<div class=\"elementor-widget-container\">\n\t\t\t\t\t\t\t\t\t<p><span style=\"font-weight: 400;\">En la comarca hay <strong>muchas actividades culturales interesantes<\/strong> que aprovechan para visitar y celebrar como:<\/span><\/p><ul><li style=\"font-weight: 400;\" aria-level=\"1\"><span style=\"font-weight: 400;\"><strong>El Pessebre Vivent<\/strong> (Diciembre y Enero)<\/span><\/li><li style=\"font-weight: 400;\" aria-level=\"1\"><span style=\"font-weight: 400;\"><strong>La Fiesta Mayor de Invierno<\/strong> (Enero)<\/span><\/li><li style=\"font-weight: 400;\" aria-level=\"1\"><span style=\"font-weight: 400;\"><strong>El Festival de Artes Esc\u00e9nicas<\/strong> (Mayo)<\/span><\/li><li style=\"font-weight: 400;\" aria-level=\"1\"><span style=\"font-weight: 400;\"><strong>El Encuentro de Sant Pon\u00e7<\/strong> (Mayo)<\/span><\/li><li style=\"font-weight: 400;\" aria-level=\"1\"><span style=\"font-weight: 400;\"><strong>La Fiesta Mayor de verano<\/strong> (Julio)\u00a0<\/span><\/li><\/ul><p>\u00a0<\/p>\t\t\t\t\t\t\t\t<\/div>\n\t\t\t\t<\/div>\n\t\t\t\t\t<\/div>\n\t\t<\/div>\n\t\t\t\t\t<\/div>\n\t\t<\/section>\n\t\t\t\t<\/div>","protected":false},"excerpt":{"rendered":"<p>Entorn La teva llar a Corbera del Llobregat Envoltada d\u2019un privilegiat entorn natural de boscos de pi blanc, Corbera de Llobregat \u00e9s una vila mil\u00b7len\u00e0ria que conserva encara elements dels seus or\u00edgens medievals, com el Casal de Santa Magdalena (segle XVI) -tamb\u00e9 conegut com el Castell, l&#8217;antic Hospital de Pelegrins (segle XVI), l&#8217;esgl\u00e9sia de Santa [&hellip;]<\/p>\n","protected":false},"author":1,"featured_media":0,"parent":0,"menu_order":0,"comment_status":"closed","ping_status":"closed","template":"elementor_header_footer","meta":{"footnotes":""},"class_list":["post-543","page","type-page","status-publish","hentry"],"yoast_head":"<!-- This site is optimized with the Yoast SEO plugin v27.2 - https:\/\/yoast.com\/product\/yoast-seo-wordpress\/ -->\n<title>Entorn - My Blog<\/title>\n<meta name=\"robots\" content=\"index, follow, max-snippet:-1, max-image-preview:large, max-video-preview:-1\" \/>\n<link rel=\"canonical\" href=\"https:\/\/creunovagentgran.com\/es\/entorno\/\" \/>\n<meta property=\"og:locale\" content=\"es_ES\" \/>\n<meta property=\"og:type\" content=\"article\" \/>\n<meta property=\"og:title\" content=\"Entorn - My Blog\" \/>\n<meta property=\"og:description\" content=\"Entorn La teva llar a Corbera del Llobregat Envoltada d\u2019un privilegiat entorn natural de boscos de pi blanc, Corbera de Llobregat \u00e9s una vila mil\u00b7len\u00e0ria que conserva encara elements dels seus or\u00edgens medievals, com el Casal de Santa Magdalena (segle XVI) -tamb\u00e9 conegut com el Castell, l&#8217;antic Hospital de Pelegrins (segle XVI), l&#8217;esgl\u00e9sia de Santa [&hellip;]\" \/>\n<meta property=\"og:url\" content=\"https:\/\/creunovagentgran.com\/es\/entorno\/\" \/>\n<meta property=\"og:site_name\" content=\"My Blog\" \/>\n<meta property=\"article:modified_time\" content=\"2024-06-06T09:59:19+00:00\" \/>\n<meta property=\"og:image\" content=\"https:\/\/creunovagentgran.com\/wp-content\/uploads\/2023\/11\/Mask-group-2.jpg\" \/>\n<meta name=\"twitter:card\" content=\"summary_large_image\" \/>\n<meta name=\"twitter:label1\" content=\"Tiempo de lectura\" \/>\n\t<meta name=\"twitter:data1\" content=\"2 minutos\" \/>\n<script type=\"application\/ld+json\" class=\"yoast-schema-graph\">{\"@context\":\"https:\/\/schema.org\",\"@graph\":[{\"@type\":\"WebPage\",\"@id\":\"https:\/\/creunovagentgran.com\/entorn\/\",\"url\":\"https:\/\/creunovagentgran.com\/entorn\/\",\"name\":\"Entorn - My Blog\",\"isPartOf\":{\"@id\":\"https:\/\/creunovagentgran.com\/#website\"},\"primaryImageOfPage\":{\"@id\":\"https:\/\/creunovagentgran.com\/entorn\/#primaryimage\"},\"image\":{\"@id\":\"https:\/\/creunovagentgran.com\/entorn\/#primaryimage\"},\"thumbnailUrl\":\"https:\/\/creunovagentgran.com\/wp-content\/uploads\/2023\/11\/Mask-group-2.jpg\",\"datePublished\":\"2023-10-16T10:36:12+00:00\",\"dateModified\":\"2024-06-06T09:59:19+00:00\",\"breadcrumb\":{\"@id\":\"https:\/\/creunovagentgran.com\/entorn\/#breadcrumb\"},\"inLanguage\":\"es\",\"potentialAction\":[{\"@type\":\"ReadAction\",\"target\":[\"https:\/\/creunovagentgran.com\/entorn\/\"]}]},{\"@type\":\"ImageObject\",\"inLanguage\":\"es\",\"@id\":\"https:\/\/creunovagentgran.com\/entorn\/#primaryimage\",\"url\":\"https:\/\/creunovagentgran.com\/wp-content\/uploads\/2023\/11\/Mask-group-2.jpg\",\"contentUrl\":\"https:\/\/creunovagentgran.com\/wp-content\/uploads\/2023\/11\/Mask-group-2.jpg\"},{\"@type\":\"BreadcrumbList\",\"@id\":\"https:\/\/creunovagentgran.com\/entorn\/#breadcrumb\",\"itemListElement\":[{\"@type\":\"ListItem\",\"position\":1,\"name\":\"Portada\",\"item\":\"https:\/\/creunovagentgran.com\/\"},{\"@type\":\"ListItem\",\"position\":2,\"name\":\"Entorn\"}]},{\"@type\":\"WebSite\",\"@id\":\"https:\/\/creunovagentgran.com\/#website\",\"url\":\"https:\/\/creunovagentgran.com\/\",\"name\":\"My Blog\",\"description\":\"Just another WordPress site\",\"publisher\":{\"@id\":\"https:\/\/creunovagentgran.com\/#organization\"},\"potentialAction\":[{\"@type\":\"SearchAction\",\"target\":{\"@type\":\"EntryPoint\",\"urlTemplate\":\"https:\/\/creunovagentgran.com\/?s={search_term_string}\"},\"query-input\":{\"@type\":\"PropertyValueSpecification\",\"valueRequired\":true,\"valueName\":\"search_term_string\"}}],\"inLanguage\":\"es\"},{\"@type\":\"Organization\",\"@id\":\"https:\/\/creunovagentgran.com\/#organization\",\"name\":\"My Blog\",\"url\":\"https:\/\/creunovagentgran.com\/\",\"logo\":{\"@type\":\"ImageObject\",\"inLanguage\":\"es\",\"@id\":\"https:\/\/creunovagentgran.com\/#\/schema\/logo\/image\/\",\"url\":\"https:\/\/creunovagentgran.com\/wp-content\/uploads\/2023\/08\/CreuNova-GentGran-2-e1692866293670.png\",\"contentUrl\":\"https:\/\/creunovagentgran.com\/wp-content\/uploads\/2023\/08\/CreuNova-GentGran-2-e1692866293670.png\",\"width\":104,\"height\":123,\"caption\":\"My Blog\"},\"image\":{\"@id\":\"https:\/\/creunovagentgran.com\/#\/schema\/logo\/image\/\"}}]}<\/script>\n<!-- \/ Yoast SEO plugin. -->","yoast_head_json":{"title":"Entorn - My Blog","robots":{"index":"index","follow":"follow","max-snippet":"max-snippet:-1","max-image-preview":"max-image-preview:large","max-video-preview":"max-video-preview:-1"},"canonical":"https:\/\/creunovagentgran.com\/es\/entorno\/","og_locale":"es_ES","og_type":"article","og_title":"Entorn - My Blog","og_description":"Entorn La teva llar a Corbera del Llobregat Envoltada d\u2019un privilegiat entorn natural de boscos de pi blanc, Corbera de Llobregat \u00e9s una vila mil\u00b7len\u00e0ria que conserva encara elements dels seus or\u00edgens medievals, com el Casal de Santa Magdalena (segle XVI) -tamb\u00e9 conegut com el Castell, l&#8217;antic Hospital de Pelegrins (segle XVI), l&#8217;esgl\u00e9sia de Santa [&hellip;]","og_url":"https:\/\/creunovagentgran.com\/es\/entorno\/","og_site_name":"My Blog","article_modified_time":"2024-06-06T09:59:19+00:00","og_image":[{"url":"https:\/\/creunovagentgran.com\/wp-content\/uploads\/2023\/11\/Mask-group-2.jpg","type":"","width":"","height":""}],"twitter_card":"summary_large_image","twitter_misc":{"Tiempo de lectura":"2 minutos"},"schema":{"@context":"https:\/\/schema.org","@graph":[{"@type":"WebPage","@id":"https:\/\/creunovagentgran.com\/entorn\/","url":"https:\/\/creunovagentgran.com\/entorn\/","name":"Entorn - My Blog","isPartOf":{"@id":"https:\/\/creunovagentgran.com\/#website"},"primaryImageOfPage":{"@id":"https:\/\/creunovagentgran.com\/entorn\/#primaryimage"},"image":{"@id":"https:\/\/creunovagentgran.com\/entorn\/#primaryimage"},"thumbnailUrl":"https:\/\/creunovagentgran.com\/wp-content\/uploads\/2023\/11\/Mask-group-2.jpg","datePublished":"2023-10-16T10:36:12+00:00","dateModified":"2024-06-06T09:59:19+00:00","breadcrumb":{"@id":"https:\/\/creunovagentgran.com\/entorn\/#breadcrumb"},"inLanguage":"es","potentialAction":[{"@type":"ReadAction","target":["https:\/\/creunovagentgran.com\/entorn\/"]}]},{"@type":"ImageObject","inLanguage":"es","@id":"https:\/\/creunovagentgran.com\/entorn\/#primaryimage","url":"https:\/\/creunovagentgran.com\/wp-content\/uploads\/2023\/11\/Mask-group-2.jpg","contentUrl":"https:\/\/creunovagentgran.com\/wp-content\/uploads\/2023\/11\/Mask-group-2.jpg"},{"@type":"BreadcrumbList","@id":"https:\/\/creunovagentgran.com\/entorn\/#breadcrumb","itemListElement":[{"@type":"ListItem","position":1,"name":"Portada","item":"https:\/\/creunovagentgran.com\/"},{"@type":"ListItem","position":2,"name":"Entorn"}]},{"@type":"WebSite","@id":"https:\/\/creunovagentgran.com\/#website","url":"https:\/\/creunovagentgran.com\/","name":"My Blog","description":"Just another WordPress site","publisher":{"@id":"https:\/\/creunovagentgran.com\/#organization"},"potentialAction":[{"@type":"SearchAction","target":{"@type":"EntryPoint","urlTemplate":"https:\/\/creunovagentgran.com\/?s={search_term_string}"},"query-input":{"@type":"PropertyValueSpecification","valueRequired":true,"valueName":"search_term_string"}}],"inLanguage":"es"},{"@type":"Organization","@id":"https:\/\/creunovagentgran.com\/#organization","name":"My Blog","url":"https:\/\/creunovagentgran.com\/","logo":{"@type":"ImageObject","inLanguage":"es","@id":"https:\/\/creunovagentgran.com\/#\/schema\/logo\/image\/","url":"https:\/\/creunovagentgran.com\/wp-content\/uploads\/2023\/08\/CreuNova-GentGran-2-e1692866293670.png","contentUrl":"https:\/\/creunovagentgran.com\/wp-content\/uploads\/2023\/08\/CreuNova-GentGran-2-e1692866293670.png","width":104,"height":123,"caption":"My Blog"},"image":{"@id":"https:\/\/creunovagentgran.com\/#\/schema\/logo\/image\/"}}]}},"_links":{"self":[{"href":"https:\/\/creunovagentgran.com\/es\/wp-json\/wp\/v2\/pages\/543","targetHints":{"allow":["GET"]}}],"collection":[{"href":"https:\/\/creunovagentgran.com\/es\/wp-json\/wp\/v2\/pages"}],"about":[{"href":"https:\/\/creunovagentgran.com\/es\/wp-json\/wp\/v2\/types\/page"}],"author":[{"embeddable":true,"href":"https:\/\/creunovagentgran.com\/es\/wp-json\/wp\/v2\/users\/1"}],"replies":[{"embeddable":true,"href":"https:\/\/creunovagentgran.com\/es\/wp-json\/wp\/v2\/comments?post=543"}],"version-history":[{"count":58,"href":"https:\/\/creunovagentgran.com\/es\/wp-json\/wp\/v2\/pages\/543\/revisions"}],"predecessor-version":[{"id":2510,"href":"https:\/\/creunovagentgran.com\/es\/wp-json\/wp\/v2\/pages\/543\/revisions\/2510"}],"wp:attachment":[{"href":"https:\/\/creunovagentgran.com\/es\/wp-json\/wp\/v2\/media?parent=543"}],"curies":[{"name":"wp","href":"https:\/\/api.w.org\/{rel}","templated":true}]}}