{"id":562,"date":"2023-10-16T10:39:15","date_gmt":"2023-10-16T10:39:15","guid":{"rendered":"https:\/\/creunovagentgran.com\/?page_id=562"},"modified":"2024-06-03T07:06:33","modified_gmt":"2024-06-03T07:06:33","slug":"places","status":"publish","type":"page","link":"https:\/\/creunovagentgran.com\/es\/places\/","title":{"rendered":"Plazas"},"content":{"rendered":"<div data-elementor-type=\"wp-page\" data-elementor-id=\"562\" class=\"elementor elementor-562\" data-elementor-post-type=\"page\">\n\t\t\t\t\t\t<section class=\"elementor-section elementor-top-section elementor-element elementor-element-68c028e elementor-section-full_width elementor-section-stretched elementor-section-height-default elementor-section-height-default\" data-id=\"68c028e\" data-element_type=\"section\" data-e-type=\"section\" data-settings=\"{&quot;stretch_section&quot;:&quot;section-stretched&quot;}\">\n\t\t\t\t\t\t<div class=\"elementor-container elementor-column-gap-default\">\n\t\t\t\t\t<div class=\"elementor-column elementor-col-100 elementor-top-column elementor-element elementor-element-27abe7f\" data-id=\"27abe7f\" data-element_type=\"column\" data-e-type=\"column\">\n\t\t\t<div class=\"elementor-widget-wrap elementor-element-populated\">\n\t\t\t\t\t\t<div class=\"elementor-element elementor-element-08577c8 elementor-widget elementor-widget-image\" data-id=\"08577c8\" data-element_type=\"widget\" data-e-type=\"widget\" data-widget_type=\"image.default\">\n\t\t\t\t<div class=\"elementor-widget-container\">\n\t\t\t\t\t\t\t\t\t\t\t\t\t\t\t<img fetchpriority=\"high\" decoding=\"async\" width=\"2560\" height=\"1515\" src=\"https:\/\/creunovagentgran.com\/wp-content\/uploads\/2024\/05\/header-5.png\" class=\"attachment-full size-full wp-image-2281\" alt=\"\" srcset=\"https:\/\/creunovagentgran.com\/wp-content\/uploads\/2024\/05\/header-5.png 2560w, https:\/\/creunovagentgran.com\/wp-content\/uploads\/2024\/05\/header-5-300x178.png 300w, https:\/\/creunovagentgran.com\/wp-content\/uploads\/2024\/05\/header-5-1024x606.png 1024w, https:\/\/creunovagentgran.com\/wp-content\/uploads\/2024\/05\/header-5-768x455.png 768w, https:\/\/creunovagentgran.com\/wp-content\/uploads\/2024\/05\/header-5-1536x909.png 1536w, https:\/\/creunovagentgran.com\/wp-content\/uploads\/2024\/05\/header-5-2048x1212.png 2048w, https:\/\/creunovagentgran.com\/wp-content\/uploads\/2024\/05\/header-5-18x12.png 18w\" sizes=\"(max-width: 2560px) 100vw, 2560px\" \/>\t\t\t\t\t\t\t\t\t\t\t\t\t\t\t<\/div>\n\t\t\t\t<\/div>\n\t\t\t\t<div class=\"elementor-element elementor-element-2a45420 elementor-widget__width-initial elementor-widget elementor-widget-heading\" data-id=\"2a45420\" data-element_type=\"widget\" data-e-type=\"widget\" data-widget_type=\"heading.default\">\n\t\t\t\t<div class=\"elementor-widget-container\">\n\t\t\t\t\t<h2 class=\"elementor-heading-title elementor-size-default\">Plazas<\/h2>\t\t\t\t<\/div>\n\t\t\t\t<\/div>\n\t\t\t\t\t<\/div>\n\t\t<\/div>\n\t\t\t\t\t<\/div>\n\t\t<\/section>\n\t\t\t\t<section class=\"elementor-section elementor-top-section elementor-element elementor-element-b941c0f elementor-section-full_width elementor-section-height-default elementor-section-height-default\" data-id=\"b941c0f\" data-element_type=\"section\" data-e-type=\"section\">\n\t\t\t\t\t\t<div class=\"elementor-container elementor-column-gap-default\">\n\t\t\t\t\t<div class=\"elementor-column elementor-col-100 elementor-top-column elementor-element elementor-element-d355c74\" data-id=\"d355c74\" data-element_type=\"column\" data-e-type=\"column\">\n\t\t\t<div class=\"elementor-widget-wrap elementor-element-populated\">\n\t\t\t\t\t\t<div class=\"elementor-element elementor-element-9babe3e elementor-widget elementor-widget-heading\" data-id=\"9babe3e\" data-element_type=\"widget\" data-e-type=\"widget\" data-widget_type=\"heading.default\">\n\t\t\t\t<div class=\"elementor-widget-container\">\n\t\t\t\t\t<h2 class=\"elementor-heading-title elementor-size-default\">PLAZAS P\u00daBLICAS Y PRIVADAS\n<\/h2>\t\t\t\t<\/div>\n\t\t\t\t<\/div>\n\t\t\t\t\t<\/div>\n\t\t<\/div>\n\t\t\t\t\t<\/div>\n\t\t<\/section>\n\t\t\t\t<section class=\"elementor-section elementor-top-section elementor-element elementor-element-0abf127 elementor-section-full_width elementor-section-height-default elementor-section-height-default\" data-id=\"0abf127\" data-element_type=\"section\" data-e-type=\"section\">\n\t\t\t\t\t\t<div class=\"elementor-container elementor-column-gap-default\">\n\t\t\t\t\t<div class=\"elementor-column elementor-col-100 elementor-top-column elementor-element elementor-element-91ba966\" data-id=\"91ba966\" data-element_type=\"column\" data-e-type=\"column\">\n\t\t\t<div class=\"elementor-widget-wrap elementor-element-populated\">\n\t\t\t\t\t\t<div class=\"elementor-element elementor-element-e18d0af elementor-widget elementor-widget-text-editor\" data-id=\"e18d0af\" data-element_type=\"widget\" data-e-type=\"widget\" data-widget_type=\"text-editor.default\">\n\t\t\t\t<div class=\"elementor-widget-container\">\n\t\t\t\t\t\t\t\t\t<p>La Ley de Dependencia es una ley en muchas comunidades aut\u00f3nomas de Espa\u00f1a que <b>proporciona asistencia y soporte a las personas con dependencia<\/b>. Esta ley tiene como objetivo principal <b>mejorar la calidad de vid<\/b><strong>a<\/strong> de estas personas y proporcionarles la atenci\u00f3n y los recursos necesarios para vivir de forma m\u00e1s aut\u00f3noma y digna.<\/p><p>Nuestro centro tiene la oportunidad de acceder a <b>plazas p\u00fablicas<\/b> de la Generalitat, as\u00ed como tramitar la prestaci\u00f3n vinculada a residencia para <b>plazas privadas<\/b>.<\/p><p>Si quer\u00e9is <b>m\u00e1s informaci\u00f3n<\/b>, por favor, <b>contactar con nosotras<\/b>. Estaremos encantadas de proporcionaros m\u00e1s detalles y ayudaros a <b>comprender mejor nuestras opciones<\/b> y como poder beneficiaros de esta legislaci\u00f3n. No dud\u00e9is en llamarnos o enviarnos un correo electr\u00f3nico para m\u00e1s informaci\u00f3n.<\/p>\t\t\t\t\t\t\t\t<\/div>\n\t\t\t\t<\/div>\n\t\t\t\t<div class=\"elementor-element elementor-element-75e1740 elementor-widget elementor-widget-image\" data-id=\"75e1740\" data-element_type=\"widget\" data-e-type=\"widget\" data-widget_type=\"image.default\">\n\t\t\t\t<div class=\"elementor-widget-container\">\n\t\t\t\t\t\t\t\t\t\t\t\t\t\t\t<img decoding=\"async\" width=\"465\" height=\"486\" src=\"https:\/\/creunovagentgran.com\/wp-content\/uploads\/2023\/09\/Group-114.png\" class=\"attachment-large size-large wp-image-461\" alt=\"\" srcset=\"https:\/\/creunovagentgran.com\/wp-content\/uploads\/2023\/09\/Group-114.png 465w, https:\/\/creunovagentgran.com\/wp-content\/uploads\/2023\/09\/Group-114-287x300.png 287w\" sizes=\"(max-width: 465px) 100vw, 465px\" \/>\t\t\t\t\t\t\t\t\t\t\t\t\t\t\t<\/div>\n\t\t\t\t<\/div>\n\t\t\t\t<div class=\"elementor-element elementor-element-f8db7cd elementor-align-center elementor-widget elementor-widget-button\" data-id=\"f8db7cd\" data-element_type=\"widget\" data-e-type=\"widget\" data-widget_type=\"button.default\">\n\t\t\t\t<div class=\"elementor-widget-container\">\n\t\t\t\t\t\t\t\t\t<div class=\"elementor-button-wrapper\">\n\t\t\t\t\t<a class=\"elementor-button elementor-button-link elementor-size-sm\" href=\"https:\/\/creunovagentgran.com\/es\/contacto\/\">\n\t\t\t\t\t\t<span class=\"elementor-button-content-wrapper\">\n\t\t\t\t\t\t\t\t\t<span class=\"elementor-button-text\">Contacta<\/span>\n\t\t\t\t\t<\/span>\n\t\t\t\t\t<\/a>\n\t\t\t\t<\/div>\n\t\t\t\t\t\t\t\t<\/div>\n\t\t\t\t<\/div>\n\t\t\t\t\t<\/div>\n\t\t<\/div>\n\t\t\t\t\t<\/div>\n\t\t<\/section>\n\t\t\t\t<\/div>","protected":false},"excerpt":{"rendered":"<p>Places PLACES P\u00daBLIQUES I PRIVADES La Llei de Depend\u00e8ncia \u00e9s una llei en moltes comunitats aut\u00f2nomes d&#8217;Espanya que proporciona assist\u00e8ncia i suport a les persones amb depend\u00e8ncia. Aquesta llei t\u00e9 com a objectiu principal millorar la qualitat de vida d&#8217;aquestes persones i proporcionar-los l&#8217;atenci\u00f3 i els recursos necessaris per viure de manera m\u00e9s aut\u00f2noma i [&hellip;]<\/p>\n","protected":false},"author":1,"featured_media":0,"parent":0,"menu_order":0,"comment_status":"closed","ping_status":"closed","template":"elementor_header_footer","meta":{"footnotes":""},"class_list":["post-562","page","type-page","status-publish","hentry"],"yoast_head":"<!-- This site is optimized with the Yoast SEO plugin v27.2 - https:\/\/yoast.com\/product\/yoast-seo-wordpress\/ -->\n<title>Places - My Blog<\/title>\n<meta name=\"robots\" content=\"index, follow, max-snippet:-1, max-image-preview:large, max-video-preview:-1\" \/>\n<link rel=\"canonical\" href=\"https:\/\/creunovagentgran.com\/es\/plazas\/\" \/>\n<meta property=\"og:locale\" content=\"es_ES\" \/>\n<meta property=\"og:type\" content=\"article\" \/>\n<meta property=\"og:title\" content=\"Places - My Blog\" \/>\n<meta property=\"og:description\" content=\"Places PLACES P\u00daBLIQUES I PRIVADES La Llei de Depend\u00e8ncia \u00e9s una llei en moltes comunitats aut\u00f2nomes d&#8217;Espanya que proporciona assist\u00e8ncia i suport a les persones amb depend\u00e8ncia. Aquesta llei t\u00e9 com a objectiu principal millorar la qualitat de vida d&#8217;aquestes persones i proporcionar-los l&#8217;atenci\u00f3 i els recursos necessaris per viure de manera m\u00e9s aut\u00f2noma i [&hellip;]\" \/>\n<meta property=\"og:url\" content=\"https:\/\/creunovagentgran.com\/es\/plazas\/\" \/>\n<meta property=\"og:site_name\" content=\"My Blog\" \/>\n<meta property=\"article:modified_time\" content=\"2024-06-03T07:06:33+00:00\" \/>\n<meta property=\"og:image\" content=\"https:\/\/creunovagentgran.com\/wp-content\/uploads\/2024\/05\/header-5.png\" \/>\n<meta name=\"twitter:card\" content=\"summary_large_image\" \/>\n<meta name=\"twitter:label1\" content=\"Tiempo de lectura\" \/>\n\t<meta name=\"twitter:data1\" content=\"1 minuto\" \/>\n<script type=\"application\/ld+json\" class=\"yoast-schema-graph\">{\"@context\":\"https:\/\/schema.org\",\"@graph\":[{\"@type\":\"WebPage\",\"@id\":\"https:\/\/creunovagentgran.com\/places\/\",\"url\":\"https:\/\/creunovagentgran.com\/places\/\",\"name\":\"Places - My Blog\",\"isPartOf\":{\"@id\":\"https:\/\/creunovagentgran.com\/#website\"},\"primaryImageOfPage\":{\"@id\":\"https:\/\/creunovagentgran.com\/places\/#primaryimage\"},\"image\":{\"@id\":\"https:\/\/creunovagentgran.com\/places\/#primaryimage\"},\"thumbnailUrl\":\"https:\/\/creunovagentgran.com\/wp-content\/uploads\/2024\/05\/header-5.png\",\"datePublished\":\"2023-10-16T10:39:15+00:00\",\"dateModified\":\"2024-06-03T07:06:33+00:00\",\"breadcrumb\":{\"@id\":\"https:\/\/creunovagentgran.com\/places\/#breadcrumb\"},\"inLanguage\":\"es\",\"potentialAction\":[{\"@type\":\"ReadAction\",\"target\":[\"https:\/\/creunovagentgran.com\/places\/\"]}]},{\"@type\":\"ImageObject\",\"inLanguage\":\"es\",\"@id\":\"https:\/\/creunovagentgran.com\/places\/#primaryimage\",\"url\":\"https:\/\/creunovagentgran.com\/wp-content\/uploads\/2024\/05\/header-5.png\",\"contentUrl\":\"https:\/\/creunovagentgran.com\/wp-content\/uploads\/2024\/05\/header-5.png\"},{\"@type\":\"BreadcrumbList\",\"@id\":\"https:\/\/creunovagentgran.com\/places\/#breadcrumb\",\"itemListElement\":[{\"@type\":\"ListItem\",\"position\":1,\"name\":\"Portada\",\"item\":\"https:\/\/creunovagentgran.com\/\"},{\"@type\":\"ListItem\",\"position\":2,\"name\":\"Places\"}]},{\"@type\":\"WebSite\",\"@id\":\"https:\/\/creunovagentgran.com\/#website\",\"url\":\"https:\/\/creunovagentgran.com\/\",\"name\":\"My Blog\",\"description\":\"Just another WordPress site\",\"publisher\":{\"@id\":\"https:\/\/creunovagentgran.com\/#organization\"},\"potentialAction\":[{\"@type\":\"SearchAction\",\"target\":{\"@type\":\"EntryPoint\",\"urlTemplate\":\"https:\/\/creunovagentgran.com\/?s={search_term_string}\"},\"query-input\":{\"@type\":\"PropertyValueSpecification\",\"valueRequired\":true,\"valueName\":\"search_term_string\"}}],\"inLanguage\":\"es\"},{\"@type\":\"Organization\",\"@id\":\"https:\/\/creunovagentgran.com\/#organization\",\"name\":\"My Blog\",\"url\":\"https:\/\/creunovagentgran.com\/\",\"logo\":{\"@type\":\"ImageObject\",\"inLanguage\":\"es\",\"@id\":\"https:\/\/creunovagentgran.com\/#\/schema\/logo\/image\/\",\"url\":\"https:\/\/creunovagentgran.com\/wp-content\/uploads\/2023\/08\/CreuNova-GentGran-2-e1692866293670.png\",\"contentUrl\":\"https:\/\/creunovagentgran.com\/wp-content\/uploads\/2023\/08\/CreuNova-GentGran-2-e1692866293670.png\",\"width\":104,\"height\":123,\"caption\":\"My Blog\"},\"image\":{\"@id\":\"https:\/\/creunovagentgran.com\/#\/schema\/logo\/image\/\"}}]}<\/script>\n<!-- \/ Yoast SEO plugin. -->","yoast_head_json":{"title":"Places - My Blog","robots":{"index":"index","follow":"follow","max-snippet":"max-snippet:-1","max-image-preview":"max-image-preview:large","max-video-preview":"max-video-preview:-1"},"canonical":"https:\/\/creunovagentgran.com\/es\/plazas\/","og_locale":"es_ES","og_type":"article","og_title":"Places - My Blog","og_description":"Places PLACES P\u00daBLIQUES I PRIVADES La Llei de Depend\u00e8ncia \u00e9s una llei en moltes comunitats aut\u00f2nomes d&#8217;Espanya que proporciona assist\u00e8ncia i suport a les persones amb depend\u00e8ncia. Aquesta llei t\u00e9 com a objectiu principal millorar la qualitat de vida d&#8217;aquestes persones i proporcionar-los l&#8217;atenci\u00f3 i els recursos necessaris per viure de manera m\u00e9s aut\u00f2noma i [&hellip;]","og_url":"https:\/\/creunovagentgran.com\/es\/plazas\/","og_site_name":"My Blog","article_modified_time":"2024-06-03T07:06:33+00:00","og_image":[{"url":"https:\/\/creunovagentgran.com\/wp-content\/uploads\/2024\/05\/header-5.png","type":"","width":"","height":""}],"twitter_card":"summary_large_image","twitter_misc":{"Tiempo de lectura":"1 minuto"},"schema":{"@context":"https:\/\/schema.org","@graph":[{"@type":"WebPage","@id":"https:\/\/creunovagentgran.com\/places\/","url":"https:\/\/creunovagentgran.com\/places\/","name":"Places - My Blog","isPartOf":{"@id":"https:\/\/creunovagentgran.com\/#website"},"primaryImageOfPage":{"@id":"https:\/\/creunovagentgran.com\/places\/#primaryimage"},"image":{"@id":"https:\/\/creunovagentgran.com\/places\/#primaryimage"},"thumbnailUrl":"https:\/\/creunovagentgran.com\/wp-content\/uploads\/2024\/05\/header-5.png","datePublished":"2023-10-16T10:39:15+00:00","dateModified":"2024-06-03T07:06:33+00:00","breadcrumb":{"@id":"https:\/\/creunovagentgran.com\/places\/#breadcrumb"},"inLanguage":"es","potentialAction":[{"@type":"ReadAction","target":["https:\/\/creunovagentgran.com\/places\/"]}]},{"@type":"ImageObject","inLanguage":"es","@id":"https:\/\/creunovagentgran.com\/places\/#primaryimage","url":"https:\/\/creunovagentgran.com\/wp-content\/uploads\/2024\/05\/header-5.png","contentUrl":"https:\/\/creunovagentgran.com\/wp-content\/uploads\/2024\/05\/header-5.png"},{"@type":"BreadcrumbList","@id":"https:\/\/creunovagentgran.com\/places\/#breadcrumb","itemListElement":[{"@type":"ListItem","position":1,"name":"Portada","item":"https:\/\/creunovagentgran.com\/"},{"@type":"ListItem","position":2,"name":"Places"}]},{"@type":"WebSite","@id":"https:\/\/creunovagentgran.com\/#website","url":"https:\/\/creunovagentgran.com\/","name":"My Blog","description":"Just another WordPress site","publisher":{"@id":"https:\/\/creunovagentgran.com\/#organization"},"potentialAction":[{"@type":"SearchAction","target":{"@type":"EntryPoint","urlTemplate":"https:\/\/creunovagentgran.com\/?s={search_term_string}"},"query-input":{"@type":"PropertyValueSpecification","valueRequired":true,"valueName":"search_term_string"}}],"inLanguage":"es"},{"@type":"Organization","@id":"https:\/\/creunovagentgran.com\/#organization","name":"My Blog","url":"https:\/\/creunovagentgran.com\/","logo":{"@type":"ImageObject","inLanguage":"es","@id":"https:\/\/creunovagentgran.com\/#\/schema\/logo\/image\/","url":"https:\/\/creunovagentgran.com\/wp-content\/uploads\/2023\/08\/CreuNova-GentGran-2-e1692866293670.png","contentUrl":"https:\/\/creunovagentgran.com\/wp-content\/uploads\/2023\/08\/CreuNova-GentGran-2-e1692866293670.png","width":104,"height":123,"caption":"My Blog"},"image":{"@id":"https:\/\/creunovagentgran.com\/#\/schema\/logo\/image\/"}}]}},"_links":{"self":[{"href":"https:\/\/creunovagentgran.com\/es\/wp-json\/wp\/v2\/pages\/562","targetHints":{"allow":["GET"]}}],"collection":[{"href":"https:\/\/creunovagentgran.com\/es\/wp-json\/wp\/v2\/pages"}],"about":[{"href":"https:\/\/creunovagentgran.com\/es\/wp-json\/wp\/v2\/types\/page"}],"author":[{"embeddable":true,"href":"https:\/\/creunovagentgran.com\/es\/wp-json\/wp\/v2\/users\/1"}],"replies":[{"embeddable":true,"href":"https:\/\/creunovagentgran.com\/es\/wp-json\/wp\/v2\/comments?post=562"}],"version-history":[{"count":31,"href":"https:\/\/creunovagentgran.com\/es\/wp-json\/wp\/v2\/pages\/562\/revisions"}],"predecessor-version":[{"id":2312,"href":"https:\/\/creunovagentgran.com\/es\/wp-json\/wp\/v2\/pages\/562\/revisions\/2312"}],"wp:attachment":[{"href":"https:\/\/creunovagentgran.com\/es\/wp-json\/wp\/v2\/media?parent=562"}],"curies":[{"name":"wp","href":"https:\/\/api.w.org\/{rel}","templated":true}]}}